 
{"id":2,"date":"2019-03-20T09:17:18","date_gmt":"2019-03-20T09:17:18","guid":{"rendered":"http:\/\/cms.virtus2-projekti.com\/virtuswcms\/?page_id=2"},"modified":"2019-04-12T14:04:29","modified_gmt":"2019-04-12T13:04:29","slug":"sample-page","status":"publish","type":"page","link":"https:\/\/www.luftomat.hr\/en\/","title":{"rendered":"Home"},"content":{"rendered":"<div>\n<div class=\"n2-has-copy n2-code n2-ss-slider-shortcode-id\"><\/div>\n<\/div>\n<div>\n<h1>O NAMA<\/h1>\n<p>Iz godine u godinu na pla\u017eama i bazenima sve je vi\u0161e zra\u010dnih madraca, \u010damaca, a od nedavno i ma\u0161tovitih napuhanih \u017eivotinja \u017earkih boja i impresivnog izgleda, za kojima uzdi\u0161u sve generacije. Sve nam te napuhane igra\u010dke uljep\u0161avaju sate provedene u opu\u0161tanju na pla\u017eama i bazenima. Ali naj\u010de\u0161\u0107e ih jednom napu\u0161emo, mo\u017eda dva-tri puta transportiramo do pla\u017ee i onda ih do kraja ljetovanja premje\u0161tamo iz jedne prostorije u drugu, gdje manje smetaju.<\/p>\n<\/div>\n<p><img decoding=\"async\" src=\"wp-content\/uploads\/2019\/03\/o-nama-1.jpg\" alt=\"\"><\/p>\n<h1>OBAVIJESTI<\/h1>\n<h1>NA\u0160I KLIJENTI<\/h1>\n<p><!-- {\"name\":\"Luftomat EN\",\"type\":\"layout\",\"children\":[{\"type\":\"section\",\"props\":{\"style\":\"default\",\"width\":\"default\",\"vertical_align\":\"middle\",\"title_position\":\"top-left\",\"title_rotation\":\"left\",\"title_breakpoint\":\"xl\",\"image_position\":\"center-center\",\"text_color\":\"\",\"width_expand\":\"\",\"height\":\"\",\"padding\":\"\",\"header_transparent\":\"\",\"animation\":\"\",\"padding_remove_top\":true},\"children\":[{\"type\":\"row\",\"props\":{\"layout\":\"1-1\",\"breakpoint\":\"m\",\"fixed_width\":\"large\",\"gutter\":\"\",\"width\":\"\",\"width_expand\":\"\",\"height\":\"\",\"margin\":\"\",\"margin_remove_top\":false,\"class\":\"\"},\"children\":[{\"type\":\"column\",\"props\":{\"widths\":[\"1-1\"],\"image_position\":\"center-center\",\"media_overlay_gradient\":\"\",\"vertical_align\":\"middle\",\"style\":\"\",\"text_color\":\"\",\"padding\":\"\",\"css\":\"\"},\"children\":[{\"type\":\"text\",\"props\":{\"margin\":\"default\",\"column_breakpoint\":\"m\",\"text_style\":\"\",\"text_color\":\"\",\"text_size\":\"\",\"column\":\"\",\"text_align\":\"\",\"text_align_breakpoint\":\"\",\"text_align_fallback\":\"\",\"maxwidth\":\"\",\"maxwidth_align\":\"\",\"maxwidth_breakpoint\":\"\",\"animation\":\"\",\"visibility\":\"\",\"content\":\"\n\n<div class=\"n2-has-copy n2-code n2-ss-slider-shortcode-id\">[smartslider3 slider=5]<\/div>\n\n\"}}]}]}]},{\"type\":\"section\",\"props\":{\"style\":\"default\",\"width\":\"default\",\"vertical_align\":\"middle\",\"title_position\":\"top-left\",\"title_rotation\":\"left\",\"title_breakpoint\":\"xl\",\"image_position\":\"center-center\",\"text_color\":\"\",\"width_expand\":\"\",\"height\":\"\",\"padding\":\"small\",\"header_transparent\":\"\",\"animation\":\"\",\"padding_remove_bottom\":false,\"padding_remove_top\":true},\"children\":[{\"type\":\"row\",\"props\":{\"layout\":\"1-1\",\"breakpoint\":\"m\",\"fixed_width\":\"large\",\"gutter\":\"\",\"width\":\"\",\"width_expand\":\"\",\"height\":\"\",\"margin\":\"\"},\"children\":[{\"type\":\"column\",\"props\":{\"widths\":[\"1-1\"],\"image_position\":\"center-center\",\"media_overlay_gradient\":\"\",\"vertical_align\":\"\",\"style\":\"\",\"text_color\":\"\",\"padding\":\"\"},\"children\":[{\"type\":\"wordpress_widget\",\"props\":{\"widget\":\"widgetkit-9\",\"style\":\"\",\"title_style\":\"\",\"title_decoration\":\"\",\"title_color\":\"\",\"list_style\":\"\",\"link_style\":\"\",\"menu_style\":\"nav\",\"text_align\":\"\",\"text_align_breakpoint\":\"\",\"text_align_fallback\":\"\",\"maxwidth\":\"\",\"maxwidth_align\":\"\",\"maxwidth_breakpoint\":\"\",\"margin\":\"\",\"animation\":\"\",\"visibility\":\"\",\"type\":\"widgetkit\"}}]}]}]},{\"type\":\"section\",\"props\":{\"style\":\"default\",\"width\":\"expand\",\"vertical_align\":\"middle\",\"title_position\":\"top-left\",\"title_rotation\":\"left\",\"title_breakpoint\":\"xl\",\"image_position\":\"center-center\",\"text_color\":\"\",\"width_expand\":\"\",\"height\":\"\",\"padding\":\"none\",\"header_transparent\":\"\",\"animation\":\"\",\"id\":\"onama\",\"css\":\"#onama .uk-container, .uk-container-expand {n    padding-left: 0px;n    padding-right: 0px;n}\"},\"children\":[{\"type\":\"row\",\"props\":{\"layout\":\"2-3,\",\"breakpoint\":\"m\",\"fixed_width\":\"large\",\"gutter\":\"collapse\",\"width\":\"expand\",\"width_expand\":\"\",\"height\":\"\",\"margin\":\"remove-vertical\",\"class\":\"\"},\"children\":[{\"type\":\"column\",\"props\":{\"widths\":[\"2-3\"],\"image_position\":\"bottom-right\",\"media_overlay_gradient\":\"\",\"vertical_align\":\"middle\",\"style\":\"secondary\",\"text_color\":\"\",\"padding\":\"none\",\"css\":\"\",\"image\":\"wp-content\/uploads\/2019\/03\/yellow.svg\",\"image_size\":\"\",\"image_effect\":\"\",\"image_parallax_breakpoint\":\"\",\"image_visibility\":\"\",\"media_blend_mode\":\"\",\"image_width\":\"80\",\"image_height\":\"80\"},\"children\":[{\"type\":\"text\",\"props\":{\"margin\":\"remove-vertical\",\"column_breakpoint\":\"m\",\"text_style\":\"\",\"text_color\":\"\",\"text_size\":\"\",\"column\":\"\",\"text_align\":\"\",\"text_align_breakpoint\":\"\",\"text_align_fallback\":\"\",\"maxwidth\":\"\",\"maxwidth_align\":\"\",\"maxwidth_breakpoint\":\"\",\"animation\":\"\",\"visibility\":\"\",\"content\":\"\n\n<h1>O NAMA<\/h1>\n\nn\n\n<p>Iz godine u godinu na plau017eama i bazenima sve je viu0161e zrau010dnih madraca, u010damaca, a od nedavno i mau0161tovitih napuhanih u017eivotinja u017earkih boja i impresivnog izgleda, za kojima uzdiu0161u sve generacije. Sve nam te napuhane igrau010dke uljepu0161avaju sate provedene u opuu0161tanju na plau017eama i bazenima. Ali naju010deu0161u0107e ih jednom napuu0161emo, mou017eda dva-tri puta transportiramo do plau017ee i onda ih do kraja ljetovanja premjeu0161tamo iz jedne prostorije u drugu, gdje manje smetaju.<\/p>\n\n\",\"dropcap\":false,\"css\":\"\",\"class\":\"\"}}]},{\"type\":\"column\",\"props\":{\"widths\":[\"\"],\"image_position\":\"center-center\",\"media_overlay_gradient\":\"\",\"vertical_align\":\"middle\",\"style\":\"\",\"text_color\":\"\",\"padding\":\"\"},\"children\":[{\"type\":\"image\",\"props\":{\"margin\":\"remove-vertical\",\"image_svg_color\":\"emphasis\",\"link_target\":\"\",\"image_border\":\"\",\"image_box_shadow\":\"\",\"image_hover_box_shadow\":\"\",\"image_box_decoration\":\"\",\"text_align\":\"\",\"text_align_breakpoint\":\"\",\"text_align_fallback\":\"\",\"maxwidth\":\"\",\"maxwidth_align\":\"\",\"maxwidth_breakpoint\":\"\",\"animation\":\"\",\"visibility\":\"\",\"image\":\"wp-content\/uploads\/2019\/03\/o-nama-1.jpg\",\"class\":\"\"}}]}]}]},{\"type\":\"section\",\"props\":{\"style\":\"default\",\"width\":\"default\",\"vertical_align\":\"middle\",\"title_position\":\"top-left\",\"title_rotation\":\"left\",\"title_breakpoint\":\"xl\",\"image_position\":\"center-center\",\"text_color\":\"\",\"width_expand\":\"\",\"height\":\"\",\"padding\":\"\",\"header_transparent\":\"\",\"animation\":\"\"},\"children\":[{\"type\":\"row\",\"props\":{\"layout\":\"1-1\",\"breakpoint\":\"m\",\"fixed_width\":\"large\",\"gutter\":\"\",\"width\":\"\",\"width_expand\":\"\",\"height\":\"\",\"margin\":\"\"},\"children\":[{\"type\":\"column\",\"props\":{\"widths\":[\"1-1\"],\"image_position\":\"center-center\",\"media_overlay_gradient\":\"\",\"vertical_align\":\"\",\"style\":\"\",\"text_color\":\"\",\"padding\":\"\"},\"children\":[{\"type\":\"headline\",\"props\":{\"title_element\":\"h1\",\"title_style\":\"heading-primary\",\"title_decoration\":\"\",\"title_color\":\"\",\"text_align\":\"center\",\"text_align_breakpoint\":\"\",\"text_align_fallback\":\"\",\"maxwidth\":\"\",\"maxwidth_align\":\"\",\"maxwidth_breakpoint\":\"\",\"margin\":\"large\",\"animation\":\"\",\"visibility\":\"\",\"content\":\"OBAVIJESTI\",\"margin_remove_top\":true,\"css\":\"\"}},{\"type\":\"wordpress_widget\",\"props\":{\"widget\":\"widgetkit-7\",\"style\":\"\",\"title_style\":\"\",\"title_decoration\":\"\",\"title_color\":\"\",\"list_style\":\"\",\"link_style\":\"\",\"menu_style\":\"nav\",\"text_align\":\"\",\"text_align_breakpoint\":\"\",\"text_align_fallback\":\"\",\"maxwidth\":\"\",\"maxwidth_align\":\"\",\"maxwidth_breakpoint\":\"\",\"margin\":\"\",\"animation\":\"\",\"visibility\":\"\",\"type\":\"widgetkit\"}}]}]}]},{\"type\":\"section\",\"props\":{\"style\":\"default\",\"width\":\"default\",\"vertical_align\":\"middle\",\"title_position\":\"top-left\",\"title_rotation\":\"left\",\"title_breakpoint\":\"xl\",\"image_position\":\"center-center\",\"text_color\":\"\",\"width_expand\":\"\",\"height\":\"\",\"padding\":\"\",\"header_transparent\":\"\",\"animation\":\"\",\"css\":\"\"},\"children\":[{\"type\":\"row\",\"props\":{\"layout\":\"1-1\",\"breakpoint\":\"m\",\"fixed_width\":\"large\",\"gutter\":\"\",\"width\":\"\",\"width_expand\":\"\",\"height\":\"\",\"margin\":\"\"},\"children\":[{\"type\":\"column\",\"props\":{\"widths\":[\"1-1\"],\"image_position\":\"center-center\",\"media_overlay_gradient\":\"\",\"vertical_align\":\"\",\"style\":\"\",\"text_color\":\"\",\"padding\":\"\"},\"children\":[{\"type\":\"headline\",\"props\":{\"title_element\":\"h1\",\"title_style\":\"heading-primary\",\"title_decoration\":\"\",\"title_color\":\"\",\"text_align\":\"center\",\"text_align_breakpoint\":\"\",\"text_align_fallback\":\"\",\"maxwidth\":\"\",\"maxwidth_align\":\"\",\"maxwidth_breakpoint\":\"\",\"margin\":\"large\",\"animation\":\"\",\"visibility\":\"\",\"content\":\"NAu0160I KLIJENTI\",\"margin_remove_top\":true,\"css\":\"\"}}]}]}]}],\"version\":\"1.18.16\",\"props\":[]} --><\/p>\n","protected":false},"excerpt":{"rendered":"<p>O NAMA Iz godine u godinu na pla\u017eama i bazenima sve je vi\u0161e zra\u010dnih madraca, \u010damaca, a od nedavno i ma\u0161tovitih napuhanih \u017eivotinja \u017earkih boja i impresivnog izgleda, za kojima uzdi\u0161u sve generacije. Sve nam te napuhane igra\u010dke uljep\u0161avaju sate provedene u opu\u0161tanju na pla\u017eama i bazenima. Ali naj\u010de\u0161\u0107e ih jednom napu\u0161emo, mo\u017eda dva-tri puta [&hellip;]<\/p>\n","protected":false},"author":6,"featured_media":0,"parent":0,"menu_order":0,"comment_status":"closed","ping_status":"open","template":"","meta":{"footnotes":""},"class_list":["post-2","page","type-page","status-publish","hentry"],"yoast_head":"<!-- This site is optimized with the Yoast SEO plugin v23.7 - https:\/\/yoast.com\/wordpress\/plugins\/seo\/ -->\n<title>Home - Luftomat<\/title>\n<meta name=\"description\" content=\"Self-service intaling and deflating device\" \/>\n<meta name=\"robots\" content=\"index, follow, max-snippet:-1, max-image-preview:large, max-video-preview:-1\" \/>\n<link rel=\"canonical\" href=\"https:\/\/www.luftomat.hr\/en\/\" \/>\n<meta property=\"og:locale\" content=\"en_US\" \/>\n<meta property=\"og:locale:alternate\" content=\"hr\" \/>\n<meta property=\"og:type\" content=\"article\" \/>\n<meta property=\"og:title\" content=\"Home\" \/>\n<meta property=\"og:description\" content=\"Samoposlu\u017eni ure\u0111aj za napuhavanje i ispuhavanje\" \/>\n<meta property=\"og:url\" content=\"https:\/\/www.luftomat.hr\/en\/\" \/>\n<meta property=\"og:site_name\" content=\"Luftomat\" \/>\n<meta property=\"article:publisher\" content=\"https:\/\/hr-hr.facebook.com\/Luftomat-1856895194640183\/\" \/>\n<meta property=\"article:modified_time\" content=\"2019-04-12T13:04:29+00:00\" \/>\n<meta name=\"twitter:card\" content=\"summary_large_image\" \/>\n<script type=\"application\/ld+json\" class=\"yoast-schema-graph\">{\"@context\":\"https:\/\/schema.org\",\"@graph\":[{\"@type\":\"WebPage\",\"@id\":\"https:\/\/www.luftomat.hr\/\",\"url\":\"https:\/\/www.luftomat.hr\/\",\"name\":\"Home\",\"isPartOf\":{\"@id\":\"https:\/\/www.luftomat.hr\/#website\"},\"datePublished\":\"2019-03-20T09:17:18+00:00\",\"dateModified\":\"2019-04-12T13:04:29+00:00\",\"description\":\"Samoposlu\u017eni ure\u0111aj za napuhavanje i ispuhavanje\",\"breadcrumb\":{\"@id\":\"https:\/\/www.luftomat.hr\/#breadcrumb\"},\"inLanguage\":\"en-US\",\"potentialAction\":[{\"@type\":\"ReadAction\",\"target\":[\"https:\/\/www.luftomat.hr\/\"]}]},{\"@type\":\"BreadcrumbList\",\"@id\":\"https:\/\/www.luftomat.hr\/#breadcrumb\",\"itemListElement\":[{\"@type\":\"ListItem\",\"position\":1,\"name\":\"Home\",\"item\":\"https:\/\/www.luftomat.hr\/\"},{\"@type\":\"ListItem\",\"position\":2,\"name\":\"Naslovna\"}]},{\"@type\":\"WebSite\",\"@id\":\"https:\/\/www.luftomat.hr\/#website\",\"url\":\"https:\/\/www.luftomat.hr\/\",\"name\":\"Luftomat\",\"description\":\"Self-service intaling and deflating device\",\"publisher\":{\"@id\":\"https:\/\/www.luftomat.hr\/#organization\"},\"potentialAction\":[{\"@type\":\"SearchAction\",\"target\":{\"@type\":\"EntryPoint\",\"urlTemplate\":\"https:\/\/www.luftomat.hr\/?s={search_term_string}\"},\"query-input\":{\"@type\":\"PropertyValueSpecification\",\"valueRequired\":true,\"valueName\":\"search_term_string\"}}],\"inLanguage\":\"en-US\"},{\"@type\":\"Organization\",\"@id\":\"https:\/\/www.luftomat.hr\/#organization\",\"name\":\"Luftomat\",\"url\":\"https:\/\/www.luftomat.hr\/\",\"logo\":{\"@type\":\"ImageObject\",\"inLanguage\":\"en-US\",\"@id\":\"https:\/\/www.luftomat.hr\/#\/schema\/logo\/image\/\",\"url\":\"https:\/\/www.luftomat.hr\/wp-content\/uploads\/2019\/03\/luftomat_logo.png\",\"contentUrl\":\"https:\/\/www.luftomat.hr\/wp-content\/uploads\/2019\/03\/luftomat_logo.png\",\"width\":239,\"height\":63,\"caption\":\"Luftomat\"},\"image\":{\"@id\":\"https:\/\/www.luftomat.hr\/#\/schema\/logo\/image\/\"},\"sameAs\":[\"https:\/\/hr-hr.facebook.com\/Luftomat-1856895194640183\/\"]}]}<\/script>\n<!-- \/ Yoast SEO plugin. -->","yoast_head_json":{"title":"Home - Luftomat","description":"Self-service intaling and deflating device","robots":{"index":"index","follow":"follow","max-snippet":"max-snippet:-1","max-image-preview":"max-image-preview:large","max-video-preview":"max-video-preview:-1"},"canonical":"https:\/\/www.luftomat.hr\/en\/","og_locale":"en_US","og_type":"article","og_title":"[:en]Home[:hr]Naslovna[:] - Luftomat","og_description":"Samoposlu\u017eni ure\u0111aj za napuhavanje i ispuhavanje","og_url":"https:\/\/www.luftomat.hr\/en\/","og_site_name":"Luftomat","article_publisher":"https:\/\/hr-hr.facebook.com\/Luftomat-1856895194640183\/","article_modified_time":"2019-04-12T13:04:29+00:00","twitter_card":"summary_large_image","schema":{"@context":"https:\/\/schema.org","@graph":[{"@type":"WebPage","@id":"https:\/\/www.luftomat.hr\/","url":"https:\/\/www.luftomat.hr\/","name":"Home","isPartOf":{"@id":"https:\/\/www.luftomat.hr\/#website"},"datePublished":"2019-03-20T09:17:18+00:00","dateModified":"2019-04-12T13:04:29+00:00","description":"Samoposlu\u017eni ure\u0111aj za napuhavanje i ispuhavanje","breadcrumb":{"@id":"https:\/\/www.luftomat.hr\/#breadcrumb"},"inLanguage":"en-US","potentialAction":[{"@type":"ReadAction","target":["https:\/\/www.luftomat.hr\/"]}]},{"@type":"BreadcrumbList","@id":"https:\/\/www.luftomat.hr\/#breadcrumb","itemListElement":[{"@type":"ListItem","position":1,"name":"Home","item":"https:\/\/www.luftomat.hr\/"},{"@type":"ListItem","position":2,"name":"Naslovna"}]},{"@type":"WebSite","@id":"https:\/\/www.luftomat.hr\/#website","url":"https:\/\/www.luftomat.hr\/","name":"Luftomat","description":"Self-service intaling and deflating device","publisher":{"@id":"https:\/\/www.luftomat.hr\/#organization"},"potentialAction":[{"@type":"SearchAction","target":{"@type":"EntryPoint","urlTemplate":"https:\/\/www.luftomat.hr\/?s={search_term_string}"},"query-input":{"@type":"PropertyValueSpecification","valueRequired":true,"valueName":"search_term_string"}}],"inLanguage":"en-US"},{"@type":"Organization","@id":"https:\/\/www.luftomat.hr\/#organization","name":"Luftomat","url":"https:\/\/www.luftomat.hr\/","logo":{"@type":"ImageObject","inLanguage":"en-US","@id":"https:\/\/www.luftomat.hr\/#\/schema\/logo\/image\/","url":"https:\/\/www.luftomat.hr\/wp-content\/uploads\/2019\/03\/luftomat_logo.png","contentUrl":"https:\/\/www.luftomat.hr\/wp-content\/uploads\/2019\/03\/luftomat_logo.png","width":239,"height":63,"caption":"Luftomat"},"image":{"@id":"https:\/\/www.luftomat.hr\/#\/schema\/logo\/image\/"},"sameAs":["https:\/\/hr-hr.facebook.com\/Luftomat-1856895194640183\/"]}]}},"_links":{"self":[{"href":"https:\/\/www.luftomat.hr\/en\/wp-json\/wp\/v2\/pages\/2"}],"collection":[{"href":"https:\/\/www.luftomat.hr\/en\/wp-json\/wp\/v2\/pages"}],"about":[{"href":"https:\/\/www.luftomat.hr\/en\/wp-json\/wp\/v2\/types\/page"}],"author":[{"embeddable":true,"href":"https:\/\/www.luftomat.hr\/en\/wp-json\/wp\/v2\/users\/6"}],"replies":[{"embeddable":true,"href":"https:\/\/www.luftomat.hr\/en\/wp-json\/wp\/v2\/comments?post=2"}],"version-history":[{"count":106,"href":"https:\/\/www.luftomat.hr\/en\/wp-json\/wp\/v2\/pages\/2\/revisions"}],"predecessor-version":[{"id":1027,"href":"https:\/\/www.luftomat.hr\/en\/wp-json\/wp\/v2\/pages\/2\/revisions\/1027"}],"wp:attachment":[{"href":"https:\/\/www.luftomat.hr\/en\/wp-json\/wp\/v2\/media?parent=2"}],"curies":[{"name":"wp","href":"https:\/\/api.w.org\/{rel}","templated":true}]}}